{"id":981,"date":"2021-02-05T15:07:22","date_gmt":"2021-02-05T12:07:22","guid":{"rendered":"http:\/\/www.ktgrup.net\/?page_id=981"},"modified":"2021-10-04T11:02:04","modified_gmt":"2021-10-04T08:02:04","slug":"agriculture","status":"publish","type":"page","link":"https:\/\/www.ktgrup.net\/en\/activity-areas\/agriculture\/","title":{"rendered":"Agriculture"},"content":{"rendered":"<div id=\"pl-981\"  class=\"panel-layout\" ><div id=\"pg-981-0\"  class=\"panel-grid panel-no-style\" ><div id=\"pgc-981-0-0\"  class=\"panel-grid-cell\" ><div id=\"panel-981-0-0-0\" class=\"so-panel widget widget_sow-editor panel-first-child panel-last-child\" data-index=\"0\" ><div\n\t\t\t\n\t\t\tclass=\"so-widget-sow-editor so-widget-sow-editor-base\"\n\t\t\t\n\t\t>\n<div class=\"siteorigin-widget-tinymce textwidget\">\n\t<p>The sector that caused our company to start its activities in 1994 is the agricultural sector, as it is included in the name of our company.<\/p>\n<p>As Karde\u015fler Tar\u0131m (Karde\u015fler Agriculture), we are still operating in the field of cultivation of 2000 decares of land. The main products we grow in this field are;<\/p>\n<ul>\n<li>Clover<\/li>\n<li>Watermelon<\/li>\n<li>Melon<\/li>\n<li>Garlic<\/li>\n<\/ul>\n<p>&nbsp;<\/p>\n<\/div>\n<\/div><\/div><\/div><div id=\"pgc-981-0-1\"  class=\"panel-grid-cell\" ><div id=\"panel-981-0-1-0\" class=\"so-panel widget widget_sow-editor panel-first-child panel-last-child\" data-index=\"1\" ><div\n\t\t\t\n\t\t\tclass=\"so-widget-sow-editor so-widget-sow-editor-base\"\n\t\t\t\n\t\t>\n<div class=\"siteorigin-widget-tinymce textwidget\">\n\t<p><img loading=\"lazy\" decoding=\"async\" class=\"alignnone wp-image-785 size-full\" src=\"http:\/\/ktgrup.net\/wp-content\/uploads\/2021\/01\/yonca-uretimi.jpg\" alt=\"\" width=\"848\" height=\"480\" srcset=\"https:\/\/www.ktgrup.net\/wp-content\/uploads\/2021\/01\/yonca-uretimi.jpg 848w, https:\/\/www.ktgrup.net\/wp-content\/uploads\/2021\/01\/yonca-uretimi-300x170.jpg 300w, https:\/\/www.ktgrup.net\/wp-content\/uploads\/2021\/01\/yonca-uretimi-768x435.jpg 768w, https:\/\/www.ktgrup.net\/wp-content\/uploads\/2021\/01\/yonca-uretimi-360x204.jpg 360w\" sizes=\"auto, (max-width: 848px) 100vw, 848px\" \/><\/p>\n<p>&nbsp;<\/p>\n<\/div>\n<\/div><\/div><\/div><\/div><\/div>","protected":false},"excerpt":{"rendered":"<p>The sector that caused our company to start its activities in 1994 is the agricultural sector, as it is included in the name of our company. As Karde\u015fler Tar\u0131m (Karde\u015fler Agriculture), we are still operating in the field of cultivation of 2000 decares of land. The main products we grow in this field are; Clover &hellip;<\/p>\n","protected":false},"author":1,"featured_media":985,"parent":1007,"menu_order":0,"comment_status":"closed","ping_status":"open","template":"","meta":{"_acf_changed":false,"footnotes":""},"class_list":["post-981","page","type-page","status-publish","has-post-thumbnail","hentry"],"acf":[],"yoast_head":"<!-- This site is optimized with the Yoast SEO plugin v24.9 - https:\/\/yoast.com\/wordpress\/plugins\/seo\/ -->\n<title>Agriculture - KT Grup<\/title>\n<meta name=\"robots\" content=\"index, follow, max-snippet:-1, max-image-preview:large, max-video-preview:-1\" \/>\n<link rel=\"canonical\" href=\"https:\/\/www.ktgrup.net\/en\/activity-areas\/agriculture\/\" \/>\n<meta property=\"og:locale\" content=\"en_US\" \/>\n<meta property=\"og:type\" content=\"article\" \/>\n<meta property=\"og:title\" content=\"Agriculture - KT Grup\" \/>\n<meta property=\"og:description\" content=\"The sector that caused our company to start its activities in 1994 is the agricultural sector, as it is included in the name of our company. As Karde\u015fler Tar\u0131m (Karde\u015fler Agriculture), we are still operating in the field of cultivation of 2000 decares of land. The main products we grow in this field are; Clover &hellip;\" \/>\n<meta property=\"og:url\" content=\"https:\/\/www.ktgrup.net\/en\/activity-areas\/agriculture\/\" \/>\n<meta property=\"og:site_name\" content=\"KT Grup\" \/>\n<meta property=\"article:modified_time\" content=\"2021-10-04T08:02:04+00:00\" \/>\n<meta property=\"og:image\" content=\"https:\/\/www.ktgrup.net\/wp-content\/uploads\/2021\/01\/tarim-360-240.jpg\" \/>\n\t<meta property=\"og:image:width\" content=\"848\" \/>\n\t<meta property=\"og:image:height\" content=\"480\" \/>\n\t<meta property=\"og:image:type\" content=\"image\/jpeg\" \/>\n<meta name=\"twitter:card\" content=\"summary_large_image\" \/>\n<meta name=\"twitter:label1\" content=\"Est. reading time\" \/>\n\t<meta name=\"twitter:data1\" content=\"1 minute\" \/>\n<script type=\"application\/ld+json\" class=\"yoast-schema-graph\">{\"@context\":\"https:\/\/schema.org\",\"@graph\":[{\"@type\":\"WebPage\",\"@id\":\"https:\/\/www.ktgrup.net\/en\/activity-areas\/agriculture\/\",\"url\":\"https:\/\/www.ktgrup.net\/en\/activity-areas\/agriculture\/\",\"name\":\"Agriculture - KT Grup\",\"isPartOf\":{\"@id\":\"https:\/\/www.ktgrup.net\/en\/#website\"},\"primaryImageOfPage\":{\"@id\":\"https:\/\/www.ktgrup.net\/en\/activity-areas\/agriculture\/#primaryimage\"},\"image\":{\"@id\":\"https:\/\/www.ktgrup.net\/en\/activity-areas\/agriculture\/#primaryimage\"},\"thumbnailUrl\":\"https:\/\/www.ktgrup.net\/wp-content\/uploads\/2021\/01\/tarim-360-240.jpg\",\"datePublished\":\"2021-02-05T12:07:22+00:00\",\"dateModified\":\"2021-10-04T08:02:04+00:00\",\"breadcrumb\":{\"@id\":\"https:\/\/www.ktgrup.net\/en\/activity-areas\/agriculture\/#breadcrumb\"},\"inLanguage\":\"en-US\",\"potentialAction\":[{\"@type\":\"ReadAction\",\"target\":[\"https:\/\/www.ktgrup.net\/en\/activity-areas\/agriculture\/\"]}]},{\"@type\":\"ImageObject\",\"inLanguage\":\"en-US\",\"@id\":\"https:\/\/www.ktgrup.net\/en\/activity-areas\/agriculture\/#primaryimage\",\"url\":\"https:\/\/www.ktgrup.net\/wp-content\/uploads\/2021\/01\/tarim-360-240.jpg\",\"contentUrl\":\"https:\/\/www.ktgrup.net\/wp-content\/uploads\/2021\/01\/tarim-360-240.jpg\",\"width\":848,\"height\":480,\"caption\":\"Kt Group Agriculture\"},{\"@type\":\"BreadcrumbList\",\"@id\":\"https:\/\/www.ktgrup.net\/en\/activity-areas\/agriculture\/#breadcrumb\",\"itemListElement\":[{\"@type\":\"ListItem\",\"position\":1,\"name\":\"Ana sayfa\",\"item\":\"https:\/\/www.ktgrup.net\/en\/\"},{\"@type\":\"ListItem\",\"position\":2,\"name\":\"Activity Areas\",\"item\":\"https:\/\/www.ktgrup.net\/en\/activity-areas\/\"},{\"@type\":\"ListItem\",\"position\":3,\"name\":\"Agriculture\"}]},{\"@type\":\"WebSite\",\"@id\":\"https:\/\/www.ktgrup.net\/en\/#website\",\"url\":\"https:\/\/www.ktgrup.net\/en\/\",\"name\":\"KT Grup\",\"description\":\"KT Grup Kurumsal Web Sitesi\",\"potentialAction\":[{\"@type\":\"SearchAction\",\"target\":{\"@type\":\"EntryPoint\",\"urlTemplate\":\"https:\/\/www.ktgrup.net\/en\/?s={search_term_string}\"},\"query-input\":{\"@type\":\"PropertyValueSpecification\",\"valueRequired\":true,\"valueName\":\"search_term_string\"}}],\"inLanguage\":\"en-US\"}]}<\/script>\n<!-- \/ Yoast SEO plugin. -->","yoast_head_json":{"title":"Agriculture - KT Grup","robots":{"index":"index","follow":"follow","max-snippet":"max-snippet:-1","max-image-preview":"max-image-preview:large","max-video-preview":"max-video-preview:-1"},"canonical":"https:\/\/www.ktgrup.net\/en\/activity-areas\/agriculture\/","og_locale":"en_US","og_type":"article","og_title":"Agriculture - KT Grup","og_description":"The sector that caused our company to start its activities in 1994 is the agricultural sector, as it is included in the name of our company. As Karde\u015fler Tar\u0131m (Karde\u015fler Agriculture), we are still operating in the field of cultivation of 2000 decares of land. The main products we grow in this field are; Clover &hellip;","og_url":"https:\/\/www.ktgrup.net\/en\/activity-areas\/agriculture\/","og_site_name":"KT Grup","article_modified_time":"2021-10-04T08:02:04+00:00","og_image":[{"width":848,"height":480,"url":"https:\/\/www.ktgrup.net\/wp-content\/uploads\/2021\/01\/tarim-360-240.jpg","type":"image\/jpeg"}],"twitter_card":"summary_large_image","twitter_misc":{"Est. reading time":"1 minute"},"schema":{"@context":"https:\/\/schema.org","@graph":[{"@type":"WebPage","@id":"https:\/\/www.ktgrup.net\/en\/activity-areas\/agriculture\/","url":"https:\/\/www.ktgrup.net\/en\/activity-areas\/agriculture\/","name":"Agriculture - KT Grup","isPartOf":{"@id":"https:\/\/www.ktgrup.net\/en\/#website"},"primaryImageOfPage":{"@id":"https:\/\/www.ktgrup.net\/en\/activity-areas\/agriculture\/#primaryimage"},"image":{"@id":"https:\/\/www.ktgrup.net\/en\/activity-areas\/agriculture\/#primaryimage"},"thumbnailUrl":"https:\/\/www.ktgrup.net\/wp-content\/uploads\/2021\/01\/tarim-360-240.jpg","datePublished":"2021-02-05T12:07:22+00:00","dateModified":"2021-10-04T08:02:04+00:00","breadcrumb":{"@id":"https:\/\/www.ktgrup.net\/en\/activity-areas\/agriculture\/#breadcrumb"},"inLanguage":"en-US","potentialAction":[{"@type":"ReadAction","target":["https:\/\/www.ktgrup.net\/en\/activity-areas\/agriculture\/"]}]},{"@type":"ImageObject","inLanguage":"en-US","@id":"https:\/\/www.ktgrup.net\/en\/activity-areas\/agriculture\/#primaryimage","url":"https:\/\/www.ktgrup.net\/wp-content\/uploads\/2021\/01\/tarim-360-240.jpg","contentUrl":"https:\/\/www.ktgrup.net\/wp-content\/uploads\/2021\/01\/tarim-360-240.jpg","width":848,"height":480,"caption":"Kt Group Agriculture"},{"@type":"BreadcrumbList","@id":"https:\/\/www.ktgrup.net\/en\/activity-areas\/agriculture\/#breadcrumb","itemListElement":[{"@type":"ListItem","position":1,"name":"Ana sayfa","item":"https:\/\/www.ktgrup.net\/en\/"},{"@type":"ListItem","position":2,"name":"Activity Areas","item":"https:\/\/www.ktgrup.net\/en\/activity-areas\/"},{"@type":"ListItem","position":3,"name":"Agriculture"}]},{"@type":"WebSite","@id":"https:\/\/www.ktgrup.net\/en\/#website","url":"https:\/\/www.ktgrup.net\/en\/","name":"KT Grup","description":"KT Grup Kurumsal Web Sitesi","potentialAction":[{"@type":"SearchAction","target":{"@type":"EntryPoint","urlTemplate":"https:\/\/www.ktgrup.net\/en\/?s={search_term_string}"},"query-input":{"@type":"PropertyValueSpecification","valueRequired":true,"valueName":"search_term_string"}}],"inLanguage":"en-US"}]}},"_links":{"self":[{"href":"https:\/\/www.ktgrup.net\/en\/wp-json\/wp\/v2\/pages\/981","targetHints":{"allow":["GET"]}}],"collection":[{"href":"https:\/\/www.ktgrup.net\/en\/wp-json\/wp\/v2\/pages"}],"about":[{"href":"https:\/\/www.ktgrup.net\/en\/wp-json\/wp\/v2\/types\/page"}],"author":[{"embeddable":true,"href":"https:\/\/www.ktgrup.net\/en\/wp-json\/wp\/v2\/users\/1"}],"replies":[{"embeddable":true,"href":"https:\/\/www.ktgrup.net\/en\/wp-json\/wp\/v2\/comments?post=981"}],"version-history":[{"count":3,"href":"https:\/\/www.ktgrup.net\/en\/wp-json\/wp\/v2\/pages\/981\/revisions"}],"predecessor-version":[{"id":1224,"href":"https:\/\/www.ktgrup.net\/en\/wp-json\/wp\/v2\/pages\/981\/revisions\/1224"}],"up":[{"embeddable":true,"href":"https:\/\/www.ktgrup.net\/en\/wp-json\/wp\/v2\/pages\/1007"}],"wp:featuredmedia":[{"embeddable":true,"href":"https:\/\/www.ktgrup.net\/en\/wp-json\/wp\/v2\/media\/985"}],"wp:attachment":[{"href":"https:\/\/www.ktgrup.net\/en\/wp-json\/wp\/v2\/media?parent=981"}],"curies":[{"name":"wp","href":"https:\/\/api.w.org\/{rel}","templated":true}]}}