{"id":941,"date":"2021-02-05T15:13:28","date_gmt":"2021-02-05T12:13:28","guid":{"rendered":"http:\/\/www.ktgrup.net\/?page_id=941"},"modified":"2021-11-16T18:35:23","modified_gmt":"2021-11-16T15:35:23","slug":"home-page","status":"publish","type":"page","link":"https:\/\/www.ktgrup.net\/en\/","title":{"rendered":"Home"},"content":{"rendered":"<div id=\"pl-941\"  class=\"panel-layout\" ><div id=\"pg-941-0\"  class=\"panel-grid panel-has-style\" ><div class=\"jumbotron-overlap panel-row-style panel-row-style-for-941-0\" ><div id=\"pgc-941-0-0\"  class=\"panel-grid-cell\" ><div id=\"panel-941-0-0-0\" class=\"so-panel widget widget_pw_featured_page widget-featured-page panel-first-child panel-last-child\" data-index=\"0\" >\n\t<div class=\"page-box  page-box--block\">\n\t\t\t\t\t\t\t\t\t<a class=\"page-box__picture\" href=\"https:\/\/www.ktgrup.net\/en\/activity-areas\/logistics\/\">\n\t\t\t\t\t<img loading=\"lazy\" decoding=\"async\" src=\"https:\/\/www.ktgrup.net\/wp-content\/uploads\/2021\/02\/kt-logistics-main-en-360x240.jpg\" width=\"360\" height=\"240\" srcset=\"https:\/\/www.ktgrup.net\/wp-content\/uploads\/2021\/02\/kt-logistics-main-en-360x240.jpg 360w, https:\/\/www.ktgrup.net\/wp-content\/uploads\/2021\/02\/kt-logistics-main-en.jpg 1024w\" sizes=\"auto, (min-width: 992px) 360px, calc(100vw - 30px)\" class=\"wp-post-image\" alt=\"Logistics\">\n\t\t\t\t<\/a>\n\t\t\t\t\t\t\t<div class=\"page-box__content\">\n\t\t\t<h5 class=\"page-box__title text-uppercase\"><a href=\"https:\/\/www.ktgrup.net\/en\/activity-areas\/logistics\/\">Logistics<\/a><\/h5>\n\t\t\t<p>Our company has a large fleet of vehicles, fruit, vegetable and food exports in giving transportation service to many European countries, where our country needs carries itahalat products in our country, also serves as a pasteurized cold chain &hellip;<\/p>\n\t\t\t\t\t\t\t<p><a href=\"https:\/\/www.ktgrup.net\/en\/activity-areas\/logistics\/\" class=\"read-more  read-more--page-box\">Read more<\/a><\/p>\n\t\t\t\t\t<\/div>\n\t<\/div>\n\n<\/div><\/div><div id=\"pgc-941-0-1\"  class=\"panel-grid-cell\" ><div id=\"panel-941-0-1-0\" class=\"so-panel widget widget_pw_featured_page widget-featured-page panel-first-child panel-last-child\" data-index=\"1\" >\n\t<div class=\"page-box  page-box--block\">\n\t\t\t\t\t\t\t\t\t<a class=\"page-box__picture\" href=\"https:\/\/www.ktgrup.net\/en\/activity-areas\/fuel\/\">\n\t\t\t\t\t<img loading=\"lazy\" decoding=\"async\" src=\"https:\/\/www.ktgrup.net\/wp-content\/uploads\/2021\/02\/akaryakit_en-360x240.jpg\" width=\"360\" height=\"240\" srcset=\"https:\/\/www.ktgrup.net\/wp-content\/uploads\/2021\/02\/akaryakit_en-360x240.jpg 360w, https:\/\/www.ktgrup.net\/wp-content\/uploads\/2021\/02\/akaryakit_en.jpg 848w\" sizes=\"auto, (min-width: 992px) 360px, calc(100vw - 30px)\" class=\"wp-post-image\" alt=\"Fuel\">\n\t\t\t\t<\/a>\n\t\t\t\t\t\t\t<div class=\"page-box__content\">\n\t\t\t<h5 class=\"page-box__title text-uppercase\"><a href=\"https:\/\/www.ktgrup.net\/en\/activity-areas\/fuel\/\">Fuel<\/a><\/h5>\n\t\t\t<p>Our company has carried its activities in the fuel sector, which it started in 2009, to today.\n\nCurrently, it continues its activities with Opet and Aygaz business partners.\n\nIn addition, Ultramarket, which is the necessity of the fuel station, &hellip;<\/p>\n\t\t\t\t\t\t\t<p><a href=\"https:\/\/www.ktgrup.net\/en\/activity-areas\/fuel\/\" class=\"read-more  read-more--page-box\">Read more<\/a><\/p>\n\t\t\t\t\t<\/div>\n\t<\/div>\n\n<\/div><\/div><div id=\"pgc-941-0-2\"  class=\"panel-grid-cell\" ><div id=\"panel-941-0-2-0\" class=\"so-panel widget widget_pw_featured_page widget-featured-page panel-first-child panel-last-child\" data-index=\"2\" >\n\t<div class=\"page-box  page-box--block\">\n\t\t\t\t\t\t\t\t\t<a class=\"page-box__picture\" href=\"https:\/\/www.ktgrup.net\/en\/activity-areas\/agriculture\/\">\n\t\t\t\t\t<img loading=\"lazy\" decoding=\"async\" src=\"https:\/\/www.ktgrup.net\/wp-content\/uploads\/2021\/01\/tarim-360-240-360x240.jpg\" width=\"360\" height=\"240\" srcset=\"https:\/\/www.ktgrup.net\/wp-content\/uploads\/2021\/01\/tarim-360-240-360x240.jpg 360w, https:\/\/www.ktgrup.net\/wp-content\/uploads\/2021\/01\/tarim-360-240.jpg 848w\" sizes=\"auto, (min-width: 992px) 360px, calc(100vw - 30px)\" class=\"wp-post-image\" alt=\"Agriculture\">\n\t\t\t\t<\/a>\n\t\t\t\t\t\t\t<div class=\"page-box__content\">\n\t\t\t<h5 class=\"page-box__title text-uppercase\"><a href=\"https:\/\/www.ktgrup.net\/en\/activity-areas\/agriculture\/\">Agriculture<\/a><\/h5>\n\t\t\t<p>The sector that caused our company to start its activities in 1994 is the agricultural sector, as it is included in the name of our company.\nAs Karde\u015fler Tar\u0131m (Karde\u015fler Agriculture), we are still operating in the field of cultivation of &hellip;<\/p>\n\t\t\t\t\t\t\t<p><a href=\"https:\/\/www.ktgrup.net\/en\/activity-areas\/agriculture\/\" class=\"read-more  read-more--page-box\">Read more<\/a><\/p>\n\t\t\t\t\t<\/div>\n\t<\/div>\n\n<\/div><\/div><div id=\"pgc-941-0-3\"  class=\"panel-grid-cell\" ><div id=\"panel-941-0-3-0\" class=\"so-panel widget widget_pw_featured_page widget-featured-page panel-first-child panel-last-child\" data-index=\"3\" >\n\t<div class=\"page-box  page-box--block\">\n\t\t\t\t\t\t\t\t\t<a class=\"page-box__picture\" href=\"https:\/\/www.ktgrup.net\/en\/activity-areas\/construction\/\">\n\t\t\t\t\t<img loading=\"lazy\" decoding=\"async\" src=\"https:\/\/www.ktgrup.net\/wp-content\/uploads\/2021\/09\/ktgrup-insaat-360x240.jpg\" width=\"360\" height=\"240\" srcset=\"https:\/\/www.ktgrup.net\/wp-content\/uploads\/2021\/09\/ktgrup-insaat-360x240.jpg 360w, https:\/\/www.ktgrup.net\/wp-content\/uploads\/2021\/09\/tursunlar-insaat-render.jpg 848w\" sizes=\"auto, (min-width: 992px) 360px, calc(100vw - 30px)\" class=\"wp-post-image\" alt=\"Construction\">\n\t\t\t\t<\/a>\n\t\t\t\t\t\t\t<div class=\"page-box__content\">\n\t\t\t<h5 class=\"page-box__title text-uppercase\"><a href=\"https:\/\/www.ktgrup.net\/en\/activity-areas\/construction\/\">Construction<\/a><\/h5>\n\t\t\t<p>KT Group Construction, which is under the roof of KT Group builds trust in its sector with an innovative approach under the leadership of Architect Ali Tursun.\nWith its architects, interior architects and technical team, it takes into account &hellip;<\/p>\n\t\t\t\t\t\t\t<p><a href=\"https:\/\/www.ktgrup.net\/en\/activity-areas\/construction\/\" class=\"read-more  read-more--page-box\">Read more<\/a><\/p>\n\t\t\t\t\t<\/div>\n\t<\/div>\n\n<\/div><\/div><\/div><\/div><div id=\"pg-941-1\"  class=\"panel-grid panel-has-style\" ><div class=\"siteorigin-panels-stretch panel-row-style panel-row-style-for-941-1\" data-stretch-type=\"full-stretched\" ><div id=\"pgc-941-1-0\"  class=\"panel-grid-cell\" ><div id=\"panel-941-1-0-0\" class=\"so-panel widget widget_pw_google_map panel-first-child panel-last-child\" data-index=\"4\" >\n\t<div\n\t\tclass=\"simple-map  js-where-we-are\"\n\t\tdata-latlng=\"37.017528, 30.600674\"\n\t\tdata-markers=\"[{&quot;id&quot;:&quot;1&quot;,&quot;title&quot;:&quot;Karde\\u015fler Tar\\u0131m \\u00dcr\\u00fcnleri San. ve Tic. Ltd. \\u015eti.&quot;,&quot;locationlatlng&quot;:&quot;37.017528, 30.600674&quot;,&quot;custompinimage&quot;:&quot;http:\\\/\\\/ktgrup.net\\\/wp-content\\\/uploads\\\/2020\\\/12\\\/kt-pin.png&quot;}]\"\n\t\tdata-zoom=\"7\"\n\t\tdata-type=\"roadmap\"\n\t\tdata-style=\"[{&quot;featureType&quot;:&quot;administrative&quot;,&quot;elementType&quot;:&quot;labels.text.fill&quot;,&quot;stylers&quot;:[{&quot;color&quot;:&quot;#444444&quot;}]},{&quot;featureType&quot;:&quot;landscape&quot;,&quot;elementType&quot;:&quot;all&quot;,&quot;stylers&quot;:[{&quot;color&quot;:&quot;#f2f2f2&quot;}]},{&quot;featureType&quot;:&quot;landscape.man_made&quot;,&quot;elementType&quot;:&quot;geometry.fill&quot;,&quot;stylers&quot;:[{&quot;color&quot;:&quot;#eeeeee&quot;}]},{&quot;featureType&quot;:&quot;landscape.natural.landcover&quot;,&quot;elementType&quot;:&quot;geometry.fill&quot;,&quot;stylers&quot;:[{&quot;color&quot;:&quot;#dddddd&quot;}]},{&quot;featureType&quot;:&quot;landscape.natural.terrain&quot;,&quot;elementType&quot;:&quot;geometry.fill&quot;,&quot;stylers&quot;:[{&quot;color&quot;:&quot;#dddddd&quot;}]},{&quot;featureType&quot;:&quot;poi&quot;,&quot;elementType&quot;:&quot;all&quot;,&quot;stylers&quot;:[{&quot;visibility&quot;:&quot;off&quot;}]},{&quot;featureType&quot;:&quot;road&quot;,&quot;elementType&quot;:&quot;all&quot;,&quot;stylers&quot;:[{&quot;saturation&quot;:-100},{&quot;lightness&quot;:45}]},{&quot;featureType&quot;:&quot;road.highway&quot;,&quot;elementType&quot;:&quot;all&quot;,&quot;stylers&quot;:[{&quot;visibility&quot;:&quot;simplified&quot;}]},{&quot;featureType&quot;:&quot;road.arterial&quot;,&quot;elementType&quot;:&quot;labels.icon&quot;,&quot;stylers&quot;:[{&quot;visibility&quot;:&quot;off&quot;}]},{&quot;featureType&quot;:&quot;transit&quot;,&quot;elementType&quot;:&quot;all&quot;,&quot;stylers&quot;:[{&quot;visibility&quot;:&quot;off&quot;}]},{&quot;featureType&quot;:&quot;water&quot;,&quot;elementType&quot;:&quot;all&quot;,&quot;stylers&quot;:[{&quot;color&quot;:&quot;#46bcec&quot;},{&quot;visibility&quot;:&quot;on&quot;}]},{&quot;featureType&quot;:&quot;water&quot;,&quot;elementType&quot;:&quot;geometry.fill&quot;,&quot;stylers&quot;:[{&quot;color&quot;:&quot;#1f425d&quot;}]},{&quot;featureType&quot;:&quot;water&quot;,&quot;elementType&quot;:&quot;labels.text.fill&quot;,&quot;stylers&quot;:[{&quot;color&quot;:&quot;#979797&quot;}]},{&quot;featureType&quot;:&quot;water&quot;,&quot;elementType&quot;:&quot;labels.text.stroke&quot;,&quot;stylers&quot;:[{&quot;weight&quot;:&quot;0.01&quot;}]}]\"\n\t\tstyle=\"height: 380px;\"\n\t><\/div>\n\n<\/div><\/div><\/div><\/div><div id=\"pg-941-2\"  class=\"panel-grid panel-no-style\" ><div id=\"pgc-941-2-0\"  class=\"panel-grid-cell\" ><div id=\"panel-941-2-0-0\" class=\"widget_text so-panel widget widget_custom_html panel-first-child panel-last-child\" data-index=\"5\" ><h3 class=\"widget-title\"><span class=\"widget-title__inline\">PARTNERS<\/span><\/h3><div class=\"textwidget custom-html-widget\"><div class=\"logo-panel\">\n  <div class=\"row\">\n    <div class=\"col-xs-12  col-sm-2\">\n      <img decoding=\"async\" src=\"http:\/\/ktgrup.net\/wp-content\/uploads\/2021\/01\/has-trailer-logo.jpg\" alt=\"Has Trailer\">\n    <\/div>\n    <div class=\"col-xs-12  col-sm-2\">\n      <img decoding=\"async\" src=\"http:\/\/ktgrup.net\/wp-content\/uploads\/2021\/01\/krone-logo.jpg\" alt=\"Krone Trailer\">\n    <\/div>\n    <div class=\"col-xs-12  col-sm-2\">\n      <img decoding=\"async\" src=\"http:\/\/ktgrup.net\/wp-content\/uploads\/2021\/01\/schmitz-logo.jpg\" alt=\"Schmitz Trailer\">\n    <\/div>\n    <div class=\"col-xs-12  col-sm-2\">\n      <img decoding=\"async\" src=\"http:\/\/ktgrup.net\/wp-content\/uploads\/2021\/01\/new-holland-logo.jpg\" alt=\"New Holland Tar\u0131m\">\n    <\/div>\n    <div class=\"col-xs-12  col-sm-2\">\n      <img decoding=\"async\" src=\"http:\/\/ktgrup.net\/wp-content\/uploads\/2021\/01\/ana-fruit-logo.jpg\" alt=\"Ana Fruit\">\n    <\/div>\n    <div class=\"col-xs-12  col-sm-2\">\n      <img decoding=\"async\" src=\"http:\/\/ktgrup.net\/wp-content\/uploads\/2021\/01\/sancaklar-holding-logo.jpg\" alt=\"Sancaklar Holding\">\n    <\/div>\n<div class=\"col-xs-12  col-sm-2\">\n      <img decoding=\"async\" src=\"http:\/\/ktgrup.net\/wp-content\/uploads\/2021\/01\/olam-group-logo.jpg\" alt=\"Olam Group\">\n    <\/div>\n\n\n<div class=\"col-xs-12  col-sm-2\">\n      <img decoding=\"async\" src=\"http:\/\/ktgrup.net\/wp-content\/uploads\/2021\/01\/volvo-trucks.jpg\" alt=\"Volvo Trucks\">\n    <\/div>\n\n<div class=\"col-xs-12  col-sm-2\">\n      <img decoding=\"async\" src=\"http:\/\/ktgrup.net\/wp-content\/uploads\/2021\/01\/mercedes-benz-trucks.jpg\" alt=\"Mercedes-Benz Trucks\">\n    <\/div>\n\n<div class=\"col-xs-12  col-sm-2\">\n      <img decoding=\"async\" src=\"http:\/\/ktgrup.net\/wp-content\/uploads\/2021\/01\/scania-trucks.jpg\" alt=\"ScaniaTrucks\">\n    <\/div>\n\n<div class=\"col-xs-12  col-sm-2\">\n      <img decoding=\"async\" src=\"http:\/\/ktgrup.net\/wp-content\/uploads\/2021\/01\/ani-tarim.jpg\" alt=\"An\u0131 Tar\u0131m\">\n    <\/div>\n\n\n<div class=\"col-xs-12  col-sm-2\">\n      <img decoding=\"async\" src=\"http:\/\/ktgrup.net\/wp-content\/uploads\/2021\/02\/yorukoglu.jpg\" alt=\"Y\u00f6r\u00fcko\u011flu\">\n    <\/div>\n\n\n<div class=\"col-xs-12  col-sm-2\">\n      <img decoding=\"async\" src=\"http:\/\/ktgrup.net\/wp-content\/uploads\/2021\/02\/opet.jpg\" alt=\"Opet\">\n    <\/div>\n\n\n<div class=\"col-xs-12  col-sm-2\">\n      <img decoding=\"async\" src=\"http:\/\/ktgrup.net\/wp-content\/uploads\/2021\/02\/aygaz.jpg\" alt=\"Aygaz\">\n    <\/div>\n  <\/div>\n<\/div><\/div><\/div><\/div><\/div><div id=\"pg-941-3\"  class=\"panel-grid panel-has-style\" ><div class=\"siteorigin-panels-stretch panel-row-style panel-row-style-for-941-3\" data-stretch-type=\"full\" ><div id=\"pgc-941-3-0\"  class=\"panel-grid-cell\" ><div id=\"panel-941-3-0-0\" class=\"so-panel widget widget_pw_number-counter widget-number-counter panel-first-child panel-last-child\" data-index=\"6\" >\n\t<div class=\"number-counters\" data-speed=\"1000\">\n\t\t\t<div class=\"number-counter\">\n\t\t\t\t\t\t\t<i class=\"number-counter__icon  fa  fa-building-o\"><\/i>\n\t\t\t\t\t\t<div class=\"number-counter__number  js-number\" data-to=\"23\">00<\/div>\n\t\t\t<div class=\"number-counter__title\">Years of experience<\/div>\n\t\t<\/div>\n\t\t\t<div class=\"number-counter\">\n\t\t\t\t\t\t\t<i class=\"number-counter__icon  fa  fa-users\"><\/i>\n\t\t\t\t\t\t<div class=\"number-counter__number  js-number\" data-to=\"100\">000<\/div>\n\t\t\t<div class=\"number-counter__title\">No of Employees<\/div>\n\t\t<\/div>\n\t\t\t<div class=\"number-counter\">\n\t\t\t\t\t\t\t<i class=\"number-counter__icon  fa  fa-globe\"><\/i>\n\t\t\t\t\t\t<div class=\"number-counter__number  js-number\" data-to=\"14\">00<\/div>\n\t\t\t<div class=\"number-counter__title\">European Countries Exported to<\/div>\n\t\t<\/div>\n\t\t\t<div class=\"number-counter\">\n\t\t\t\t\t\t\t<i class=\"number-counter__icon  fa  fa-users\"><\/i>\n\t\t\t\t\t\t<div class=\"number-counter__number  js-number\" data-to=\"40\">00<\/div>\n\t\t\t<div class=\"number-counter__title\">Vehicle Fleet<\/div>\n\t\t<\/div>\n\t\t<\/div>\n\n<\/div><\/div><\/div><\/div><\/div>","protected":false},"excerpt":{"rendered":"<p>Logistics Our company has a large fleet of vehicles, fruit, vegetable and food exports in giving transportation service to many European countries, where our country needs carries itahalat products in our country, also serves as a pasteurized cold chain &hellip; Read more Fuel Our company has carried its activities in the fuel sector, which it &hellip;<\/p>\n","protected":false},"author":1,"featured_media":0,"parent":0,"menu_order":0,"comment_status":"closed","ping_status":"open","template":"template-front-page-slider.php","meta":{"_acf_changed":false,"footnotes":""},"class_list":["post-941","page","type-page","status-publish","hentry"],"acf":[],"yoast_head":"<!-- This site is optimized with the Yoast SEO plugin v24.9 - https:\/\/yoast.com\/wordpress\/plugins\/seo\/ -->\n<title>Home - KT Grup<\/title>\n<meta name=\"robots\" content=\"index, follow, max-snippet:-1, max-image-preview:large, max-video-preview:-1\" \/>\n<link rel=\"canonical\" href=\"https:\/\/www.ktgrup.net\/en\/\" \/>\n<meta property=\"og:locale\" content=\"en_US\" \/>\n<meta property=\"og:type\" content=\"article\" \/>\n<meta property=\"og:title\" content=\"Home - KT Grup\" \/>\n<meta property=\"og:description\" content=\"Logistics Our company has a large fleet of vehicles, fruit, vegetable and food exports in giving transportation service to many European countries, where our country needs carries itahalat products in our country, also serves as a pasteurized cold chain &hellip; Read more Fuel Our company has carried its activities in the fuel sector, which it &hellip;\" \/>\n<meta property=\"og:url\" content=\"https:\/\/www.ktgrup.net\/en\/\" \/>\n<meta property=\"og:site_name\" content=\"KT Grup\" \/>\n<meta property=\"article:modified_time\" content=\"2021-11-16T15:35:23+00:00\" \/>\n<meta name=\"twitter:card\" content=\"summary_large_image\" \/>\n<meta name=\"twitter:label1\" content=\"Est. reading time\" \/>\n\t<meta name=\"twitter:data1\" content=\"1 minute\" \/>\n<script type=\"application\/ld+json\" class=\"yoast-schema-graph\">{\"@context\":\"https:\/\/schema.org\",\"@graph\":[{\"@type\":\"WebPage\",\"@id\":\"https:\/\/www.ktgrup.net\/en\/\",\"url\":\"https:\/\/www.ktgrup.net\/en\/\",\"name\":\"Home - KT Grup\",\"isPartOf\":{\"@id\":\"https:\/\/www.ktgrup.net\/en\/#website\"},\"datePublished\":\"2021-02-05T12:13:28+00:00\",\"dateModified\":\"2021-11-16T15:35:23+00:00\",\"breadcrumb\":{\"@id\":\"https:\/\/www.ktgrup.net\/en\/#breadcrumb\"},\"inLanguage\":\"en-US\",\"potentialAction\":[{\"@type\":\"ReadAction\",\"target\":[\"https:\/\/www.ktgrup.net\/en\/\"]}]},{\"@type\":\"BreadcrumbList\",\"@id\":\"https:\/\/www.ktgrup.net\/en\/#breadcrumb\",\"itemListElement\":[{\"@type\":\"ListItem\",\"position\":1,\"name\":\"Ana sayfa\",\"item\":\"https:\/\/www.ktgrup.net\/en\/\"},{\"@type\":\"ListItem\",\"position\":2,\"name\":\"Home\"}]},{\"@type\":\"WebSite\",\"@id\":\"https:\/\/www.ktgrup.net\/en\/#website\",\"url\":\"https:\/\/www.ktgrup.net\/en\/\",\"name\":\"KT Grup\",\"description\":\"KT Grup Kurumsal Web Sitesi\",\"potentialAction\":[{\"@type\":\"SearchAction\",\"target\":{\"@type\":\"EntryPoint\",\"urlTemplate\":\"https:\/\/www.ktgrup.net\/en\/?s={search_term_string}\"},\"query-input\":{\"@type\":\"PropertyValueSpecification\",\"valueRequired\":true,\"valueName\":\"search_term_string\"}}],\"inLanguage\":\"en-US\"}]}<\/script>\n<!-- \/ Yoast SEO plugin. -->","yoast_head_json":{"title":"Home - KT Grup","robots":{"index":"index","follow":"follow","max-snippet":"max-snippet:-1","max-image-preview":"max-image-preview:large","max-video-preview":"max-video-preview:-1"},"canonical":"https:\/\/www.ktgrup.net\/en\/","og_locale":"en_US","og_type":"article","og_title":"Home - KT Grup","og_description":"Logistics Our company has a large fleet of vehicles, fruit, vegetable and food exports in giving transportation service to many European countries, where our country needs carries itahalat products in our country, also serves as a pasteurized cold chain &hellip; Read more Fuel Our company has carried its activities in the fuel sector, which it &hellip;","og_url":"https:\/\/www.ktgrup.net\/en\/","og_site_name":"KT Grup","article_modified_time":"2021-11-16T15:35:23+00:00","twitter_card":"summary_large_image","twitter_misc":{"Est. reading time":"1 minute"},"schema":{"@context":"https:\/\/schema.org","@graph":[{"@type":"WebPage","@id":"https:\/\/www.ktgrup.net\/en\/","url":"https:\/\/www.ktgrup.net\/en\/","name":"Home - KT Grup","isPartOf":{"@id":"https:\/\/www.ktgrup.net\/en\/#website"},"datePublished":"2021-02-05T12:13:28+00:00","dateModified":"2021-11-16T15:35:23+00:00","breadcrumb":{"@id":"https:\/\/www.ktgrup.net\/en\/#breadcrumb"},"inLanguage":"en-US","potentialAction":[{"@type":"ReadAction","target":["https:\/\/www.ktgrup.net\/en\/"]}]},{"@type":"BreadcrumbList","@id":"https:\/\/www.ktgrup.net\/en\/#breadcrumb","itemListElement":[{"@type":"ListItem","position":1,"name":"Ana sayfa","item":"https:\/\/www.ktgrup.net\/en\/"},{"@type":"ListItem","position":2,"name":"Home"}]},{"@type":"WebSite","@id":"https:\/\/www.ktgrup.net\/en\/#website","url":"https:\/\/www.ktgrup.net\/en\/","name":"KT Grup","description":"KT Grup Kurumsal Web Sitesi","potentialAction":[{"@type":"SearchAction","target":{"@type":"EntryPoint","urlTemplate":"https:\/\/www.ktgrup.net\/en\/?s={search_term_string}"},"query-input":{"@type":"PropertyValueSpecification","valueRequired":true,"valueName":"search_term_string"}}],"inLanguage":"en-US"}]}},"_links":{"self":[{"href":"https:\/\/www.ktgrup.net\/en\/wp-json\/wp\/v2\/pages\/941","targetHints":{"allow":["GET"]}}],"collection":[{"href":"https:\/\/www.ktgrup.net\/en\/wp-json\/wp\/v2\/pages"}],"about":[{"href":"https:\/\/www.ktgrup.net\/en\/wp-json\/wp\/v2\/types\/page"}],"author":[{"embeddable":true,"href":"https:\/\/www.ktgrup.net\/en\/wp-json\/wp\/v2\/users\/1"}],"replies":[{"embeddable":true,"href":"https:\/\/www.ktgrup.net\/en\/wp-json\/wp\/v2\/comments?post=941"}],"version-history":[{"count":3,"href":"https:\/\/www.ktgrup.net\/en\/wp-json\/wp\/v2\/pages\/941\/revisions"}],"predecessor-version":[{"id":1281,"href":"https:\/\/www.ktgrup.net\/en\/wp-json\/wp\/v2\/pages\/941\/revisions\/1281"}],"wp:attachment":[{"href":"https:\/\/www.ktgrup.net\/en\/wp-json\/wp\/v2\/media?parent=941"}],"curies":[{"name":"wp","href":"https:\/\/api.w.org\/{rel}","templated":true}]}}