{"id":1007,"date":"2021-02-05T15:29:12","date_gmt":"2021-02-05T12:29:12","guid":{"rendered":"http:\/\/www.ktgrup.net\/?page_id=1007"},"modified":"2021-02-05T21:29:40","modified_gmt":"2021-02-05T18:29:40","slug":"activity-areas","status":"publish","type":"page","link":"https:\/\/www.ktgrup.net\/en\/activity-areas\/","title":{"rendered":"Activity Areas"},"content":{"rendered":"<div id=\"pl-1007\"  class=\"panel-layout\" ><div id=\"pg-1007-0\"  class=\"panel-grid panel-no-style\" ><div id=\"pgc-1007-0-0\"  class=\"panel-grid-cell\" ><div id=\"panel-1007-0-0-0\" class=\"so-panel widget widget_pw_featured_page widget-featured-page panel-first-child panel-last-child\" data-index=\"0\" >\n\t<div class=\"page-box  page-box--block\">\n\t\t\t\t\t\t\t\t\t<a class=\"page-box__picture\" href=\"https:\/\/www.ktgrup.net\/en\/activity-areas\/logistics\/\">\n\t\t\t\t\t<img loading=\"lazy\" decoding=\"async\" src=\"https:\/\/www.ktgrup.net\/wp-content\/uploads\/2021\/02\/kt-logistics-main-en-360x240.jpg\" width=\"360\" height=\"240\" srcset=\"https:\/\/www.ktgrup.net\/wp-content\/uploads\/2021\/02\/kt-logistics-main-en-360x240.jpg 360w, https:\/\/www.ktgrup.net\/wp-content\/uploads\/2021\/02\/kt-logistics-main-en.jpg 1024w\" sizes=\"auto, (min-width: 992px) 360px, calc(100vw - 30px)\" class=\"wp-post-image\" alt=\"Logistics\">\n\t\t\t\t<\/a>\n\t\t\t\t\t\t\t<div class=\"page-box__content\">\n\t\t\t<h5 class=\"page-box__title text-uppercase\"><a href=\"https:\/\/www.ktgrup.net\/en\/activity-areas\/logistics\/\">Logistics<\/a><\/h5>\n\t\t\t<p>Our company has a large fleet of vehicles, fruit, vegetable and food exports in giving transportation service to many European countries, where our country needs carries itahalat products in our country, also serves as a pasteurized cold chain &hellip;<\/p>\n\t\t\t\t\t\t\t<p><a href=\"https:\/\/www.ktgrup.net\/en\/activity-areas\/logistics\/\" class=\"read-more  read-more--page-box\">Read more<\/a><\/p>\n\t\t\t\t\t<\/div>\n\t<\/div>\n\n<\/div><\/div><div id=\"pgc-1007-0-1\"  class=\"panel-grid-cell\" ><div id=\"panel-1007-0-1-0\" class=\"so-panel widget widget_pw_featured_page widget-featured-page panel-first-child panel-last-child\" data-index=\"1\" >\n\t<div class=\"page-box  page-box--block\">\n\t\t\t\t\t\t\t\t\t<a class=\"page-box__picture\" href=\"https:\/\/www.ktgrup.net\/en\/activity-areas\/fuel\/\">\n\t\t\t\t\t<img loading=\"lazy\" decoding=\"async\" src=\"https:\/\/www.ktgrup.net\/wp-content\/uploads\/2021\/02\/akaryakit_en-360x240.jpg\" width=\"360\" height=\"240\" srcset=\"https:\/\/www.ktgrup.net\/wp-content\/uploads\/2021\/02\/akaryakit_en-360x240.jpg 360w, https:\/\/www.ktgrup.net\/wp-content\/uploads\/2021\/02\/akaryakit_en.jpg 848w\" sizes=\"auto, (min-width: 992px) 360px, calc(100vw - 30px)\" class=\"wp-post-image\" alt=\"Fuel\">\n\t\t\t\t<\/a>\n\t\t\t\t\t\t\t<div class=\"page-box__content\">\n\t\t\t<h5 class=\"page-box__title text-uppercase\"><a href=\"https:\/\/www.ktgrup.net\/en\/activity-areas\/fuel\/\">Fuel<\/a><\/h5>\n\t\t\t<p>Our company has carried its activities in the fuel sector, which it started in 2009, to today.\n\nCurrently, it continues its activities with Opet and Aygaz business partners.\n\nIn addition, Ultramarket, which is the necessity of the fuel station, &hellip;<\/p>\n\t\t\t\t\t\t\t<p><a href=\"https:\/\/www.ktgrup.net\/en\/activity-areas\/fuel\/\" class=\"read-more  read-more--page-box\">Read more<\/a><\/p>\n\t\t\t\t\t<\/div>\n\t<\/div>\n\n<\/div><\/div><div id=\"pgc-1007-0-2\"  class=\"panel-grid-cell\" ><div id=\"panel-1007-0-2-0\" class=\"so-panel widget widget_pw_featured_page widget-featured-page panel-first-child panel-last-child\" data-index=\"2\" >\n\t<div class=\"page-box  page-box--block\">\n\t\t\t\t\t\t\t\t\t<a class=\"page-box__picture\" href=\"https:\/\/www.ktgrup.net\/en\/activity-areas\/agriculture\/\">\n\t\t\t\t\t<img loading=\"lazy\" decoding=\"async\" src=\"https:\/\/www.ktgrup.net\/wp-content\/uploads\/2021\/01\/tarim-360-240-360x240.jpg\" width=\"360\" height=\"240\" srcset=\"https:\/\/www.ktgrup.net\/wp-content\/uploads\/2021\/01\/tarim-360-240-360x240.jpg 360w, https:\/\/www.ktgrup.net\/wp-content\/uploads\/2021\/01\/tarim-360-240.jpg 848w\" sizes=\"auto, (min-width: 992px) 360px, calc(100vw - 30px)\" class=\"wp-post-image\" alt=\"Agriculture\">\n\t\t\t\t<\/a>\n\t\t\t\t\t\t\t<div class=\"page-box__content\">\n\t\t\t<h5 class=\"page-box__title text-uppercase\"><a href=\"https:\/\/www.ktgrup.net\/en\/activity-areas\/agriculture\/\">Agriculture<\/a><\/h5>\n\t\t\t<p>The sector that caused our company to start its activities in 1994 is the agricultural sector, as it is included in the name of our company.\nAs Karde\u015fler Tar\u0131m (Karde\u015fler Agriculture), we are still operating in the field of cultivation of &hellip;<\/p>\n\t\t\t\t\t\t\t<p><a href=\"https:\/\/www.ktgrup.net\/en\/activity-areas\/agriculture\/\" class=\"read-more  read-more--page-box\">Read more<\/a><\/p>\n\t\t\t\t\t<\/div>\n\t<\/div>\n\n<\/div><\/div><\/div><\/div>","protected":false},"excerpt":{"rendered":"<p>Logistics Our company has a large fleet of vehicles, fruit, vegetable and food exports in giving transportation service to many European countries, where our country needs carries itahalat products in our country, also serves as a pasteurized cold chain &hellip; Read more Fuel Our company has carried its activities in the fuel sector, which it &hellip;<\/p>\n","protected":false},"author":1,"featured_media":0,"parent":0,"menu_order":0,"comment_status":"closed","ping_status":"open","template":"","meta":{"_acf_changed":false,"footnotes":""},"class_list":["post-1007","page","type-page","status-publish","hentry"],"acf":[],"yoast_head":"<!-- This site is optimized with the Yoast SEO plugin v24.9 - https:\/\/yoast.com\/wordpress\/plugins\/seo\/ -->\n<title>Activity Areas - KT Grup<\/title>\n<meta name=\"robots\" content=\"index, follow, max-snippet:-1, max-image-preview:large, max-video-preview:-1\" \/>\n<link rel=\"canonical\" href=\"https:\/\/www.ktgrup.net\/en\/activity-areas\/\" \/>\n<meta property=\"og:locale\" content=\"en_US\" \/>\n<meta property=\"og:type\" content=\"article\" \/>\n<meta property=\"og:title\" content=\"Activity Areas - KT Grup\" \/>\n<meta property=\"og:description\" content=\"Logistics Our company has a large fleet of vehicles, fruit, vegetable and food exports in giving transportation service to many European countries, where our country needs carries itahalat products in our country, also serves as a pasteurized cold chain &hellip; Read more Fuel Our company has carried its activities in the fuel sector, which it &hellip;\" \/>\n<meta property=\"og:url\" content=\"https:\/\/www.ktgrup.net\/en\/activity-areas\/\" \/>\n<meta property=\"og:site_name\" content=\"KT Grup\" \/>\n<meta property=\"article:modified_time\" content=\"2021-02-05T18:29:40+00:00\" \/>\n<meta name=\"twitter:card\" content=\"summary_large_image\" \/>\n<script type=\"application\/ld+json\" class=\"yoast-schema-graph\">{\"@context\":\"https:\/\/schema.org\",\"@graph\":[{\"@type\":\"WebPage\",\"@id\":\"https:\/\/www.ktgrup.net\/en\/activity-areas\/\",\"url\":\"https:\/\/www.ktgrup.net\/en\/activity-areas\/\",\"name\":\"Activity Areas - KT Grup\",\"isPartOf\":{\"@id\":\"https:\/\/www.ktgrup.net\/en\/#website\"},\"datePublished\":\"2021-02-05T12:29:12+00:00\",\"dateModified\":\"2021-02-05T18:29:40+00:00\",\"breadcrumb\":{\"@id\":\"https:\/\/www.ktgrup.net\/en\/activity-areas\/#breadcrumb\"},\"inLanguage\":\"en-US\",\"potentialAction\":[{\"@type\":\"ReadAction\",\"target\":[\"https:\/\/www.ktgrup.net\/en\/activity-areas\/\"]}]},{\"@type\":\"BreadcrumbList\",\"@id\":\"https:\/\/www.ktgrup.net\/en\/activity-areas\/#breadcrumb\",\"itemListElement\":[{\"@type\":\"ListItem\",\"position\":1,\"name\":\"Ana sayfa\",\"item\":\"https:\/\/www.ktgrup.net\/en\/\"},{\"@type\":\"ListItem\",\"position\":2,\"name\":\"Activity Areas\"}]},{\"@type\":\"WebSite\",\"@id\":\"https:\/\/www.ktgrup.net\/en\/#website\",\"url\":\"https:\/\/www.ktgrup.net\/en\/\",\"name\":\"KT Grup\",\"description\":\"KT Grup Kurumsal Web Sitesi\",\"potentialAction\":[{\"@type\":\"SearchAction\",\"target\":{\"@type\":\"EntryPoint\",\"urlTemplate\":\"https:\/\/www.ktgrup.net\/en\/?s={search_term_string}\"},\"query-input\":{\"@type\":\"PropertyValueSpecification\",\"valueRequired\":true,\"valueName\":\"search_term_string\"}}],\"inLanguage\":\"en-US\"}]}<\/script>\n<!-- \/ Yoast SEO plugin. -->","yoast_head_json":{"title":"Activity Areas - KT Grup","robots":{"index":"index","follow":"follow","max-snippet":"max-snippet:-1","max-image-preview":"max-image-preview:large","max-video-preview":"max-video-preview:-1"},"canonical":"https:\/\/www.ktgrup.net\/en\/activity-areas\/","og_locale":"en_US","og_type":"article","og_title":"Activity Areas - KT Grup","og_description":"Logistics Our company has a large fleet of vehicles, fruit, vegetable and food exports in giving transportation service to many European countries, where our country needs carries itahalat products in our country, also serves as a pasteurized cold chain &hellip; Read more Fuel Our company has carried its activities in the fuel sector, which it &hellip;","og_url":"https:\/\/www.ktgrup.net\/en\/activity-areas\/","og_site_name":"KT Grup","article_modified_time":"2021-02-05T18:29:40+00:00","twitter_card":"summary_large_image","schema":{"@context":"https:\/\/schema.org","@graph":[{"@type":"WebPage","@id":"https:\/\/www.ktgrup.net\/en\/activity-areas\/","url":"https:\/\/www.ktgrup.net\/en\/activity-areas\/","name":"Activity Areas - KT Grup","isPartOf":{"@id":"https:\/\/www.ktgrup.net\/en\/#website"},"datePublished":"2021-02-05T12:29:12+00:00","dateModified":"2021-02-05T18:29:40+00:00","breadcrumb":{"@id":"https:\/\/www.ktgrup.net\/en\/activity-areas\/#breadcrumb"},"inLanguage":"en-US","potentialAction":[{"@type":"ReadAction","target":["https:\/\/www.ktgrup.net\/en\/activity-areas\/"]}]},{"@type":"BreadcrumbList","@id":"https:\/\/www.ktgrup.net\/en\/activity-areas\/#breadcrumb","itemListElement":[{"@type":"ListItem","position":1,"name":"Ana sayfa","item":"https:\/\/www.ktgrup.net\/en\/"},{"@type":"ListItem","position":2,"name":"Activity Areas"}]},{"@type":"WebSite","@id":"https:\/\/www.ktgrup.net\/en\/#website","url":"https:\/\/www.ktgrup.net\/en\/","name":"KT Grup","description":"KT Grup Kurumsal Web Sitesi","potentialAction":[{"@type":"SearchAction","target":{"@type":"EntryPoint","urlTemplate":"https:\/\/www.ktgrup.net\/en\/?s={search_term_string}"},"query-input":{"@type":"PropertyValueSpecification","valueRequired":true,"valueName":"search_term_string"}}],"inLanguage":"en-US"}]}},"_links":{"self":[{"href":"https:\/\/www.ktgrup.net\/en\/wp-json\/wp\/v2\/pages\/1007","targetHints":{"allow":["GET"]}}],"collection":[{"href":"https:\/\/www.ktgrup.net\/en\/wp-json\/wp\/v2\/pages"}],"about":[{"href":"https:\/\/www.ktgrup.net\/en\/wp-json\/wp\/v2\/types\/page"}],"author":[{"embeddable":true,"href":"https:\/\/www.ktgrup.net\/en\/wp-json\/wp\/v2\/users\/1"}],"replies":[{"embeddable":true,"href":"https:\/\/www.ktgrup.net\/en\/wp-json\/wp\/v2\/comments?post=1007"}],"version-history":[{"count":3,"href":"https:\/\/www.ktgrup.net\/en\/wp-json\/wp\/v2\/pages\/1007\/revisions"}],"predecessor-version":[{"id":1074,"href":"https:\/\/www.ktgrup.net\/en\/wp-json\/wp\/v2\/pages\/1007\/revisions\/1074"}],"wp:attachment":[{"href":"https:\/\/www.ktgrup.net\/en\/wp-json\/wp\/v2\/media?parent=1007"}],"curies":[{"name":"wp","href":"https:\/\/api.w.org\/{rel}","templated":true}]}}